{"id":2715,"date":"2026-04-30T14:07:34","date_gmt":"2026-04-30T14:07:34","guid":{"rendered":"https:\/\/kursikum.ee\/?post_type=product&#038;p=2715"},"modified":"2026-05-10T17:17:20","modified_gmt":"2026-05-10T17:17:20","slug":"emale","status":"publish","type":"product","link":"https:\/\/kursikum.ee\/en\/toode\/emale\/","title":{"rendered":"Emale!"},"content":{"rendered":"","protected":false},"excerpt":{"rendered":"<p>&#8220;Minu ema on k\u00f5ige ilusam naine, keda ma kunagi n\u00e4inud olen. Ma olen see, kes ma olen, t\u00e4nu oma emale. Kogu oma edu, k\u00f5ik oma moraalsed, intellektuaalsed ja kehalised teadmised v\u00f5lgnen ma talle.&#8221; &#8211; George Washington<\/p>\n<p>&nbsp;<\/p>\n<p>Sojavahast k\u00e4sit\u00f6\u00f6na valminud k\u00fc\u00fcnal klaaskausis. Imelise v\u00e4limuse taga on vahustatud sojavaha ja \u00a0m\u00f5nusat l\u00f5hna annavad Mandariin ja Prosecco. Mandariin on tagasihoidlik ja Prosecco pigem meelik\u00f6iteva l\u00f5hnaga.<\/p>\n<p>Soovi korral saame peale panna teie poolt valitud teksti.<\/p>\n<p><strong>Toode pole s\u00f6\u00f6dav!<\/strong><\/p>\n<p>Aroomi\u00f5lid on 100% kontsentreeritud ja vastavad IFRA standardile.<br \/>\nP\u00f5lemiseaeg: 60-70h<\/p>\n<p>Kasutamine:<\/p>\n<p>*Tahi pikkus enne igat p\u00f5letamist on soovituslikult 0,5cm<br \/>\n*Esimesel korral p\u00f5leta k\u00fc\u00fcnalt kogu pealispinna sulamiseni, kui esimesel korral k\u00fc\u00fcnal \u00f5igesti p\u00f5leda ei saa, ei p\u00f5le ta ilusasti ka edaspidi<br \/>\n*Trimmi tahti peale igat p\u00f5letamist, see tagab k\u00fc\u00fcnla puhta p\u00f5lemise, ilma tahmamata<br \/>\n*Soovituslik p\u00f5letusaeg j\u00e4rjest on 3tundi<br \/>\n*P\u00f5letage k\u00fc\u00fcnalt kuumakindlal alusel<br \/>\n*Hoidke p\u00f5levat k\u00fc\u00fcnalt laste, loomade ja kergesti s\u00fcttivate esemete eest<br \/>\n*\u00c4rge kunagi j\u00e4tke p\u00f5levat k\u00fc\u00fcnalt j\u00e4relvalveta!<\/p>\n<p>KURSIKUMi l\u00f5hnak\u00fc\u00fcnlad on valmistatud k\u00e4sit\u00f6\u00f6na sojavahast, millesse on lisatud parimaid aroome. Sojavaha p\u00e4rineb taastuvast loodusvarast sojaubadest. Sojavaha on keskkonnas\u00f5bralik ja looduses t\u00e4ielikult lagunev. K\u00fc\u00fcnalde p\u00f5ledes ei eritu keskkonda kahjulikke aineid.<\/p>\n","protected":false},"featured_media":2718,"template":"","meta":[],"product_brand":[],"product_cat":[19],"product_tag":[],"class_list":{"0":"post-2715","1":"product","2":"type-product","3":"status-publish","4":"has-post-thumbnail","6":"product_cat-kuunlad","8":"first","9":"instock","10":"sale","11":"taxable","12":"shipping-taxable","13":"purchasable","14":"product-type-simple"},"yoast_head":"<!-- This site is optimized with the Yoast SEO plugin v27.5 - https:\/\/yoast.com\/product\/yoast-seo-wordpress\/ -->\n<title>Emale! - Kursikum O\u00dc<\/title>\n<meta name=\"robots\" content=\"index, follow, max-snippet:-1, max-image-preview:large, max-video-preview:-1\" \/>\n<link rel=\"canonical\" href=\"https:\/\/kursikum.ee\/en\/toode\/emale\/\" \/>\n<meta property=\"og:locale\" content=\"en_US\" \/>\n<meta property=\"og:type\" content=\"article\" \/>\n<meta property=\"og:title\" content=\"Emale! - Kursikum O\u00dc\" \/>\n<meta property=\"og:description\" content=\"&quot;Minu ema on k\u00f5ige ilusam naine, keda ma kunagi n\u00e4inud olen. Ma olen see, kes ma olen, t\u00e4nu oma emale. Kogu oma edu, k\u00f5ik oma moraalsed, intellektuaalsed ja kehalised teadmised v\u00f5lgnen ma talle.&quot; - George Washington  &nbsp;  Sojavahast k\u00e4sit\u00f6\u00f6na valminud k\u00fc\u00fcnal klaaskausis. Imelise v\u00e4limuse taga on vahustatud sojavaha ja \u00a0m\u00f5nusat l\u00f5hna annavad Mandariin ja Prosecco. Mandariin on tagasihoidlik ja Prosecco pigem meelik\u00f6iteva l\u00f5hnaga.  Soovi korral saame peale panna teie poolt valitud teksti.  Toode pole s\u00f6\u00f6dav!  Aroomi\u00f5lid on 100% kontsentreeritud ja vastavad IFRA standardile. P\u00f5lemiseaeg: 60-70h  Kasutamine:  *Tahi pikkus enne igat p\u00f5letamist on soovituslikult 0,5cm *Esimesel korral p\u00f5leta k\u00fc\u00fcnalt kogu pealispinna sulamiseni, kui esimesel korral k\u00fc\u00fcnal \u00f5igesti p\u00f5leda ei saa, ei p\u00f5le ta ilusasti ka edaspidi *Trimmi tahti peale igat p\u00f5letamist, see tagab k\u00fc\u00fcnla puhta p\u00f5lemise, ilma tahmamata *Soovituslik p\u00f5letusaeg j\u00e4rjest on 3tundi *P\u00f5letage k\u00fc\u00fcnalt kuumakindlal alusel *Hoidke p\u00f5levat k\u00fc\u00fcnalt laste, loomade ja kergesti s\u00fcttivate esemete eest *\u00c4rge kunagi j\u00e4tke p\u00f5levat k\u00fc\u00fcnalt j\u00e4relvalveta!  KURSIKUMi l\u00f5hnak\u00fc\u00fcnlad on valmistatud k\u00e4sit\u00f6\u00f6na sojavahast, millesse on lisatud parimaid aroome. Sojavaha p\u00e4rineb taastuvast loodusvarast sojaubadest. Sojavaha on keskkonnas\u00f5bralik ja looduses t\u00e4ielikult lagunev. K\u00fc\u00fcnalde p\u00f5ledes ei eritu keskkonda kahjulikke aineid.\" \/>\n<meta property=\"og:url\" content=\"https:\/\/kursikum.ee\/en\/toode\/emale\/\" \/>\n<meta property=\"og:site_name\" content=\"Kursikum O\u00dc\" \/>\n<meta property=\"article:modified_time\" content=\"2026-05-10T17:17:20+00:00\" \/>\n<meta property=\"og:image\" content=\"https:\/\/kursikum.ee\/wp-content\/uploads\/2026\/04\/IMG_8744-1030x773.jpg\" \/>\n\t<meta property=\"og:image:width\" content=\"1030\" \/>\n\t<meta property=\"og:image:height\" content=\"773\" \/>\n\t<meta property=\"og:image:type\" content=\"image\/jpeg\" \/>\n<meta name=\"twitter:card\" content=\"summary_large_image\" \/>\n<script type=\"application\/ld+json\" class=\"yoast-schema-graph\">{\"@context\":\"https:\\\/\\\/schema.org\",\"@graph\":[{\"@type\":\"WebPage\",\"@id\":\"https:\\\/\\\/kursikum.ee\\\/en\\\/toode\\\/emale\\\/\",\"url\":\"https:\\\/\\\/kursikum.ee\\\/en\\\/toode\\\/emale\\\/\",\"name\":\"Emale! - Kursikum O\u00dc\",\"isPartOf\":{\"@id\":\"https:\\\/\\\/kursikum.ee\\\/en\\\/#website\"},\"primaryImageOfPage\":{\"@id\":\"https:\\\/\\\/kursikum.ee\\\/en\\\/toode\\\/emale\\\/#primaryimage\"},\"image\":{\"@id\":\"https:\\\/\\\/kursikum.ee\\\/en\\\/toode\\\/emale\\\/#primaryimage\"},\"thumbnailUrl\":\"https:\\\/\\\/kursikum.ee\\\/wp-content\\\/uploads\\\/2026\\\/04\\\/IMG_8744-scaled.jpg\",\"datePublished\":\"2026-04-30T14:07:34+00:00\",\"dateModified\":\"2026-05-10T17:17:20+00:00\",\"breadcrumb\":{\"@id\":\"https:\\\/\\\/kursikum.ee\\\/en\\\/toode\\\/emale\\\/#breadcrumb\"},\"inLanguage\":\"en-US\",\"potentialAction\":[{\"@type\":\"ReadAction\",\"target\":[\"https:\\\/\\\/kursikum.ee\\\/en\\\/toode\\\/emale\\\/\"]}]},{\"@type\":\"ImageObject\",\"inLanguage\":\"en-US\",\"@id\":\"https:\\\/\\\/kursikum.ee\\\/en\\\/toode\\\/emale\\\/#primaryimage\",\"url\":\"https:\\\/\\\/kursikum.ee\\\/wp-content\\\/uploads\\\/2026\\\/04\\\/IMG_8744-scaled.jpg\",\"contentUrl\":\"https:\\\/\\\/kursikum.ee\\\/wp-content\\\/uploads\\\/2026\\\/04\\\/IMG_8744-scaled.jpg\",\"width\":2560,\"height\":1920},{\"@type\":\"BreadcrumbList\",\"@id\":\"https:\\\/\\\/kursikum.ee\\\/en\\\/toode\\\/emale\\\/#breadcrumb\",\"itemListElement\":[{\"@type\":\"ListItem\",\"position\":1,\"name\":\"Home\",\"item\":\"https:\\\/\\\/kursikum.ee\\\/en\\\/\"},{\"@type\":\"ListItem\",\"position\":2,\"name\":\"Shop\",\"item\":\"https:\\\/\\\/kursikum.ee\\\/shop\\\/\"},{\"@type\":\"ListItem\",\"position\":3,\"name\":\"Emale!\"}]},{\"@type\":\"WebSite\",\"@id\":\"https:\\\/\\\/kursikum.ee\\\/en\\\/#website\",\"url\":\"https:\\\/\\\/kursikum.ee\\\/en\\\/\",\"name\":\"Kursikum O\u00dc\",\"description\":\"\",\"potentialAction\":[{\"@type\":\"SearchAction\",\"target\":{\"@type\":\"EntryPoint\",\"urlTemplate\":\"https:\\\/\\\/kursikum.ee\\\/en\\\/?s={search_term_string}\"},\"query-input\":{\"@type\":\"PropertyValueSpecification\",\"valueRequired\":true,\"valueName\":\"search_term_string\"}}],\"inLanguage\":\"en-US\"}]}<\/script>\n<!-- \/ Yoast SEO plugin. -->","yoast_head_json":{"title":"Emale! - Kursikum O\u00dc","robots":{"index":"index","follow":"follow","max-snippet":"max-snippet:-1","max-image-preview":"max-image-preview:large","max-video-preview":"max-video-preview:-1"},"canonical":"https:\/\/kursikum.ee\/en\/toode\/emale\/","og_locale":"en_US","og_type":"article","og_title":"Emale! - Kursikum O\u00dc","og_description":"\"Minu ema on k\u00f5ige ilusam naine, keda ma kunagi n\u00e4inud olen. Ma olen see, kes ma olen, t\u00e4nu oma emale. Kogu oma edu, k\u00f5ik oma moraalsed, intellektuaalsed ja kehalised teadmised v\u00f5lgnen ma talle.\" - George Washington  &nbsp;  Sojavahast k\u00e4sit\u00f6\u00f6na valminud k\u00fc\u00fcnal klaaskausis. Imelise v\u00e4limuse taga on vahustatud sojavaha ja \u00a0m\u00f5nusat l\u00f5hna annavad Mandariin ja Prosecco. Mandariin on tagasihoidlik ja Prosecco pigem meelik\u00f6iteva l\u00f5hnaga.  Soovi korral saame peale panna teie poolt valitud teksti.  Toode pole s\u00f6\u00f6dav!  Aroomi\u00f5lid on 100% kontsentreeritud ja vastavad IFRA standardile. P\u00f5lemiseaeg: 60-70h  Kasutamine:  *Tahi pikkus enne igat p\u00f5letamist on soovituslikult 0,5cm *Esimesel korral p\u00f5leta k\u00fc\u00fcnalt kogu pealispinna sulamiseni, kui esimesel korral k\u00fc\u00fcnal \u00f5igesti p\u00f5leda ei saa, ei p\u00f5le ta ilusasti ka edaspidi *Trimmi tahti peale igat p\u00f5letamist, see tagab k\u00fc\u00fcnla puhta p\u00f5lemise, ilma tahmamata *Soovituslik p\u00f5letusaeg j\u00e4rjest on 3tundi *P\u00f5letage k\u00fc\u00fcnalt kuumakindlal alusel *Hoidke p\u00f5levat k\u00fc\u00fcnalt laste, loomade ja kergesti s\u00fcttivate esemete eest *\u00c4rge kunagi j\u00e4tke p\u00f5levat k\u00fc\u00fcnalt j\u00e4relvalveta!  KURSIKUMi l\u00f5hnak\u00fc\u00fcnlad on valmistatud k\u00e4sit\u00f6\u00f6na sojavahast, millesse on lisatud parimaid aroome. Sojavaha p\u00e4rineb taastuvast loodusvarast sojaubadest. Sojavaha on keskkonnas\u00f5bralik ja looduses t\u00e4ielikult lagunev. K\u00fc\u00fcnalde p\u00f5ledes ei eritu keskkonda kahjulikke aineid.","og_url":"https:\/\/kursikum.ee\/en\/toode\/emale\/","og_site_name":"Kursikum O\u00dc","article_modified_time":"2026-05-10T17:17:20+00:00","og_image":[{"width":1030,"height":773,"url":"https:\/\/kursikum.ee\/wp-content\/uploads\/2026\/04\/IMG_8744-1030x773.jpg","type":"image\/jpeg"}],"twitter_card":"summary_large_image","schema":{"@context":"https:\/\/schema.org","@graph":[{"@type":"WebPage","@id":"https:\/\/kursikum.ee\/en\/toode\/emale\/","url":"https:\/\/kursikum.ee\/en\/toode\/emale\/","name":"Emale! - Kursikum O\u00dc","isPartOf":{"@id":"https:\/\/kursikum.ee\/en\/#website"},"primaryImageOfPage":{"@id":"https:\/\/kursikum.ee\/en\/toode\/emale\/#primaryimage"},"image":{"@id":"https:\/\/kursikum.ee\/en\/toode\/emale\/#primaryimage"},"thumbnailUrl":"https:\/\/kursikum.ee\/wp-content\/uploads\/2026\/04\/IMG_8744-scaled.jpg","datePublished":"2026-04-30T14:07:34+00:00","dateModified":"2026-05-10T17:17:20+00:00","breadcrumb":{"@id":"https:\/\/kursikum.ee\/en\/toode\/emale\/#breadcrumb"},"inLanguage":"en-US","potentialAction":[{"@type":"ReadAction","target":["https:\/\/kursikum.ee\/en\/toode\/emale\/"]}]},{"@type":"ImageObject","inLanguage":"en-US","@id":"https:\/\/kursikum.ee\/en\/toode\/emale\/#primaryimage","url":"https:\/\/kursikum.ee\/wp-content\/uploads\/2026\/04\/IMG_8744-scaled.jpg","contentUrl":"https:\/\/kursikum.ee\/wp-content\/uploads\/2026\/04\/IMG_8744-scaled.jpg","width":2560,"height":1920},{"@type":"BreadcrumbList","@id":"https:\/\/kursikum.ee\/en\/toode\/emale\/#breadcrumb","itemListElement":[{"@type":"ListItem","position":1,"name":"Home","item":"https:\/\/kursikum.ee\/en\/"},{"@type":"ListItem","position":2,"name":"Shop","item":"https:\/\/kursikum.ee\/shop\/"},{"@type":"ListItem","position":3,"name":"Emale!"}]},{"@type":"WebSite","@id":"https:\/\/kursikum.ee\/en\/#website","url":"https:\/\/kursikum.ee\/en\/","name":"Kursikum O\u00dc","description":"","potentialAction":[{"@type":"SearchAction","target":{"@type":"EntryPoint","urlTemplate":"https:\/\/kursikum.ee\/en\/?s={search_term_string}"},"query-input":{"@type":"PropertyValueSpecification","valueRequired":true,"valueName":"search_term_string"}}],"inLanguage":"en-US"}]}},"_links":{"self":[{"href":"https:\/\/kursikum.ee\/en\/wp-json\/wp\/v2\/product\/2715","targetHints":{"allow":["GET"]}}],"collection":[{"href":"https:\/\/kursikum.ee\/en\/wp-json\/wp\/v2\/product"}],"about":[{"href":"https:\/\/kursikum.ee\/en\/wp-json\/wp\/v2\/types\/product"}],"wp:featuredmedia":[{"embeddable":true,"href":"https:\/\/kursikum.ee\/en\/wp-json\/wp\/v2\/media\/2718"}],"wp:attachment":[{"href":"https:\/\/kursikum.ee\/en\/wp-json\/wp\/v2\/media?parent=2715"}],"wp:term":[{"taxonomy":"product_brand","embeddable":true,"href":"https:\/\/kursikum.ee\/en\/wp-json\/wp\/v2\/product_brand?post=2715"},{"taxonomy":"product_cat","embeddable":true,"href":"https:\/\/kursikum.ee\/en\/wp-json\/wp\/v2\/product_cat?post=2715"},{"taxonomy":"product_tag","embeddable":true,"href":"https:\/\/kursikum.ee\/en\/wp-json\/wp\/v2\/product_tag?post=2715"}],"curies":[{"name":"wp","href":"https:\/\/api.w.org\/{rel}","templated":true}]}}