{"id":2385,"date":"2025-04-25T14:24:28","date_gmt":"2025-04-25T14:24:28","guid":{"rendered":"https:\/\/kursikum.ee\/?post_type=product&#038;p=2385"},"modified":"2025-04-25T14:24:28","modified_gmt":"2025-04-25T14:24:28","slug":"vaigukipsist-alus-sulg","status":"publish","type":"product","link":"https:\/\/kursikum.ee\/en\/toode\/vaigukipsist-alus-sulg\/","title":{"rendered":"Vaigukipsist alus sulg"},"content":{"rendered":"","protected":false},"excerpt":{"rendered":"<div class=\"woocommerce-product-details__short-description\">\n<p>Vaigukipsist valminud alus, mis sobib h\u00e4sti ehete v\u00f5i muu meelep\u00e4rase hoiustamiseks. Vaigukips on portselanilaadse v\u00e4limusega, kuid tugevam materjal. Ei ole kahjulik nahale ega kahjusta tervist ning<br \/>\nei ole ka ohtlik \u00fcmbruskonnale. K\u00f5ik meie e-poes olevad tooted on valmistatud k\u00e4sit\u00f6\u00f6na ning seet\u00f5ttu on iga toode ainulaadne ja unikaalne. Tulenevalt materjali erip\u00e4rast v\u00f5ib tootel esineda \u00f5humullidest tingitud pisikesi auke v\u00f5i muid ebatasasusi. Neid ei loeta praagiks, kuna need ei m\u00f5juta toote kasutamist selleks etten\u00e4htud otstarbel.<\/p>\n<\/div>\n<p>Hooldusjuhised:<br \/>\n\u2022 Plekid tuleb eemaldada koheselt niiske lapi v\u00f5i sooja veega<br \/>\n\u2022 Mitte kasutada n\u00f5udepesumasinas ega mikrolaineahjus<br \/>\n\u2022 Ei ole kuuma- ega kriimukindel<\/p>\n","protected":false},"featured_media":2388,"template":"","meta":[],"product_brand":[],"product_cat":[20],"product_tag":[],"class_list":{"0":"post-2385","1":"product","2":"type-product","3":"status-publish","4":"has-post-thumbnail","6":"product_cat-kipsist-tooted","8":"first","9":"instock","10":"taxable","11":"shipping-taxable","12":"purchasable","13":"product-type-simple"},"_links":{"self":[{"href":"https:\/\/kursikum.ee\/en\/wp-json\/wp\/v2\/product\/2385","targetHints":{"allow":["GET"]}}],"collection":[{"href":"https:\/\/kursikum.ee\/en\/wp-json\/wp\/v2\/product"}],"about":[{"href":"https:\/\/kursikum.ee\/en\/wp-json\/wp\/v2\/types\/product"}],"wp:featuredmedia":[{"embeddable":true,"href":"https:\/\/kursikum.ee\/en\/wp-json\/wp\/v2\/media\/2388"}],"wp:attachment":[{"href":"https:\/\/kursikum.ee\/en\/wp-json\/wp\/v2\/media?parent=2385"}],"wp:term":[{"taxonomy":"product_brand","embeddable":true,"href":"https:\/\/kursikum.ee\/en\/wp-json\/wp\/v2\/product_brand?post=2385"},{"taxonomy":"product_cat","embeddable":true,"href":"https:\/\/kursikum.ee\/en\/wp-json\/wp\/v2\/product_cat?post=2385"},{"taxonomy":"product_tag","embeddable":true,"href":"https:\/\/kursikum.ee\/en\/wp-json\/wp\/v2\/product_tag?post=2385"}],"curies":[{"name":"wp","href":"https:\/\/api.w.org\/{rel}","templated":true}]}}