{"id":2263,"date":"2025-04-09T17:25:03","date_gmt":"2025-04-09T17:25:03","guid":{"rendered":"https:\/\/kursikum.ee\/?post_type=product&#038;p=2263"},"modified":"2025-04-09T17:28:21","modified_gmt":"2025-04-09T17:28:21","slug":"2263","status":"publish","type":"product","link":"https:\/\/kursikum.ee\/en\/toode\/2263\/","title":{"rendered":"Kinkekomplekt"},"content":{"rendered":"","protected":false},"excerpt":{"rendered":"<p>Komplektis  alus, k\u00fc\u00fcnal toosi sees ja kipsist lill.<br \/>\nVaigukipsist valminud kodusisustus elemendid. Kasuta v\u00f5tmete, ehete v\u00f5i muu meelep\u00e4rase hoiustamiseks. Tulenevalt materjali erip\u00e4rast, v\u00f5ib tootel esineda \u00f5humullidest tingitud v\u00e4ikeseid augukesi ja teisi v\u00f5imalikke ebatasasusi. See ei sega aga kuidagi toote kasutamist. Tooted ei ole kriimukindlad.<\/p>\n<p>K\u00fc\u00fcnal on 100% sojavahast ja Mandariin- Prosecco l\u00f5hnaline.<\/p>\n<p>Hooldus:<br \/>\nPuhastada sooja vee v\u00f5i niiske lapiga<br \/>\n\u00c4ra pane n\u00f5udepesumasinasse ega mikrolaineahju<\/p>\n","protected":false},"featured_media":2264,"template":"","meta":[],"product_brand":[],"product_cat":[21],"product_tag":[],"class_list":{"0":"post-2263","1":"product","2":"type-product","3":"status-publish","4":"has-post-thumbnail","6":"product_cat-kinkekomplektid","8":"first","9":"instock","10":"taxable","11":"shipping-taxable","12":"purchasable","13":"product-type-simple"},"_links":{"self":[{"href":"https:\/\/kursikum.ee\/en\/wp-json\/wp\/v2\/product\/2263","targetHints":{"allow":["GET"]}}],"collection":[{"href":"https:\/\/kursikum.ee\/en\/wp-json\/wp\/v2\/product"}],"about":[{"href":"https:\/\/kursikum.ee\/en\/wp-json\/wp\/v2\/types\/product"}],"wp:featuredmedia":[{"embeddable":true,"href":"https:\/\/kursikum.ee\/en\/wp-json\/wp\/v2\/media\/2264"}],"wp:attachment":[{"href":"https:\/\/kursikum.ee\/en\/wp-json\/wp\/v2\/media?parent=2263"}],"wp:term":[{"taxonomy":"product_brand","embeddable":true,"href":"https:\/\/kursikum.ee\/en\/wp-json\/wp\/v2\/product_brand?post=2263"},{"taxonomy":"product_cat","embeddable":true,"href":"https:\/\/kursikum.ee\/en\/wp-json\/wp\/v2\/product_cat?post=2263"},{"taxonomy":"product_tag","embeddable":true,"href":"https:\/\/kursikum.ee\/en\/wp-json\/wp\/v2\/product_tag?post=2263"}],"curies":[{"name":"wp","href":"https:\/\/api.w.org\/{rel}","templated":true}]}}