{"id":2150,"date":"2025-03-28T14:52:29","date_gmt":"2025-03-28T14:52:29","guid":{"rendered":"https:\/\/kursikum.ee\/?post_type=product&#038;p=2150"},"modified":"2026-03-13T15:26:11","modified_gmt":"2026-03-13T15:26:11","slug":"varvilised-lihavotted-vaike-komplekt","status":"publish","type":"product","link":"https:\/\/kursikum.ee\/en\/toode\/varvilised-lihavotted-vaike-komplekt\/","title":{"rendered":"&#8220;V\u00e4rvilised lihav\u00f5tted&#8221;  v\u00e4ike komplekt"},"content":{"rendered":"<blockquote><p>&nbsp;<\/p><\/blockquote>\n","protected":false},"excerpt":{"rendered":"<p>Lihav\u00f5tte V\u00e4rvimise Komplekt.\ud83d\udc30\ud83e\udd5a<\/p>\n<p>Selles toredas karbis leiad k\u00f5ik, mida vajad, et luua oma \u00a0lihav\u00f5tte imed!<\/p>\n<p>Komplekt sisaldab:<br \/>\n&#8211; \u00dchte armsat j\u00e4nest, kes kutsub sind m\u00e4ngima ja loovust avardama<br \/>\n&#8211; \u00dchte ilusat muna, mille saad v\u00e4rvida just selliseks, nagu ise soovid<br \/>\n&#8211; Munahoidikut\/v\u00e4ikest kausikest<br \/>\n&#8211; V\u00e4rve<br \/>\n&#8211; Pintslit<\/p>\n<p>Miks just see komplekt?<br \/>\n&#8211; Arendab laste loovust ja k\u00e4elisi oskusi<br \/>\n&#8211; Toob r\u00f5\u00f5mu ja l\u00f5bu lihav\u00f5ttep\u00fchade t\u00e4histamise juurde<br \/>\n&#8211; Sobib suurep\u00e4raselt nii \u00fcksi v\u00e4rvimiseks kui ka koos s\u00f5pradega<\/p>\n<p>K\u00f5ik kipsist tooted on valatud Kursikumi poolt k\u00e4sit\u00f6\u00f6na vaigukipsist.<\/p>\n<p>Anna oma kujutlusv\u00f5imele vabadus ja loo kauneid m\u00e4lestusi!<\/p>\n<p>Head v\u00e4rvimist ja toredaid lihav\u00f5ttep\u00fchi! \ud83d\udc23<\/p>\n","protected":false},"featured_media":2159,"template":"","meta":[],"product_brand":[],"product_cat":[21],"product_tag":[],"class_list":{"0":"post-2150","1":"product","2":"type-product","3":"status-publish","4":"has-post-thumbnail","6":"product_cat-kinkekomplektid","8":"first","9":"instock","10":"taxable","11":"shipping-taxable","12":"purchasable","13":"product-type-simple"},"_links":{"self":[{"href":"https:\/\/kursikum.ee\/en\/wp-json\/wp\/v2\/product\/2150","targetHints":{"allow":["GET"]}}],"collection":[{"href":"https:\/\/kursikum.ee\/en\/wp-json\/wp\/v2\/product"}],"about":[{"href":"https:\/\/kursikum.ee\/en\/wp-json\/wp\/v2\/types\/product"}],"wp:featuredmedia":[{"embeddable":true,"href":"https:\/\/kursikum.ee\/en\/wp-json\/wp\/v2\/media\/2159"}],"wp:attachment":[{"href":"https:\/\/kursikum.ee\/en\/wp-json\/wp\/v2\/media?parent=2150"}],"wp:term":[{"taxonomy":"product_brand","embeddable":true,"href":"https:\/\/kursikum.ee\/en\/wp-json\/wp\/v2\/product_brand?post=2150"},{"taxonomy":"product_cat","embeddable":true,"href":"https:\/\/kursikum.ee\/en\/wp-json\/wp\/v2\/product_cat?post=2150"},{"taxonomy":"product_tag","embeddable":true,"href":"https:\/\/kursikum.ee\/en\/wp-json\/wp\/v2\/product_tag?post=2150"}],"curies":[{"name":"wp","href":"https:\/\/api.w.org\/{rel}","templated":true}]}}