{"id":2023,"date":"2024-10-25T14:32:12","date_gmt":"2024-10-25T14:32:12","guid":{"rendered":"https:\/\/kursikum.ee\/?post_type=product&#038;p=2023"},"modified":"2025-06-30T18:48:43","modified_gmt":"2025-06-30T18:48:43","slug":"pilv-lohnakuunal","status":"publish","type":"product","link":"https:\/\/kursikum.ee\/en\/toode\/pilv-lohnakuunal\/","title":{"rendered":"L\u00f5hnak\u00fc\u00fcnal &#8220;Pilv&#8221;"},"content":{"rendered":"","protected":false},"excerpt":{"rendered":"<p>&nbsp;<\/p>\n<p>Sojavahast k\u00e4sit\u00f6\u00f6na valminud l\u00f5hnak\u00fc\u00fcnal. Imelise v\u00e4limuse taga on vahustatud sojavaha ja ergutavat l\u00f5hna annavad mustikas ja vanilje. \u201cPILV\u201d k\u00fc\u00fcnlad on \u00a0kui taevas, kus on valge vaht ja pilved.<\/p>\n<p><strong>Toode pole s\u00f6\u00f6dav!<\/strong><\/p>\n<p>Aroomi\u00f5lid on 100% kontsentreeritud ja vastavad IFRA standardile.<br \/>\nP\u00f5lemiseaeg: 40h<\/p>\n<p>Klaasi suurus 255ml<\/p>\n<p>K\u00fc\u00fcnla ohutusjuhend:<\/p>\n<p>*Tahi pikkus enne igat p\u00f5letamist on soovituslikult 0,5cm<br \/>\n*Esimesel korral p\u00f5leta k\u00fc\u00fcnalt kogu pealispinna sulamiseni, kui esimesel korral k\u00fc\u00fcnal \u00f5igesti p\u00f5leda ei saa, ei p\u00f5le ta ilusasti ka edaspidi<br \/>\n*Trimmi tahti peale igat p\u00f5letamist, see tagab k\u00fc\u00fcnla puhta p\u00f5lemise, ilma tahmamata<br \/>\n*Soovituslik p\u00f5letusaeg j\u00e4rjest on 3tundi<br \/>\n*P\u00f5letage k\u00fc\u00fcnalt kuumakindlal alusel<br \/>\n*Hoidke p\u00f5levat k\u00fc\u00fcnalt laste, loomade ja kergesti s\u00fcttivate esemete eest<br \/>\n*\u00c4rge kunagi j\u00e4tke p\u00f5levat k\u00fc\u00fcnalt j\u00e4relvalveta!<\/p>\n<p>*L\u00f5hnak\u00fc\u00fcnlad v\u00f5ivad tundlikel inimestel allergiaid tekitada.<\/p>\n<p>*L\u00f5hnak\u00fc\u00fcnalde p\u00f5letamisel eraldub lisaks ka l\u00f5hnaaineid. L\u00f5hnaained on lenduvad orgaanilised \u00fchendid, t\u00e4nu millele me erinevaid aroome tunneme.<\/p>\n<p>*Pane t\u00e4hele, et k\u00fc\u00fcnal ei ole m\u00f5eldud s\u00f6\u00f6miseks.<\/p>\n<p>&nbsp;<\/p>\n<p>&nbsp;<\/p>\n<p>KURSIKUMi l\u00f5hnak\u00fc\u00fcnlad on valmistatud k\u00e4sit\u00f6\u00f6na sojavahast, millesse on lisatud parimaid aroome. Sojavaha p\u00e4rineb taastuvast loodusvarast sojaubadest. Sojavaha on keskkonnas\u00f5bralik ja looduses t\u00e4ielikult lagunev. K\u00fc\u00fcnalde p\u00f5ledes ei eritu keskkonda kahjulikke aineid.<\/p>\n<p>&nbsp;<\/p>\n<p>&nbsp;<\/p>\n","protected":false},"featured_media":2328,"template":"","meta":[],"product_brand":[],"product_cat":[19],"product_tag":[],"class_list":{"0":"post-2023","1":"product","2":"type-product","3":"status-publish","4":"has-post-thumbnail","6":"product_cat-kuunlad","8":"first","9":"instock","10":"taxable","11":"shipping-taxable","12":"purchasable","13":"product-type-simple"},"yoast_head":"<!-- This site is optimized with the Yoast SEO plugin v27.5 - https:\/\/yoast.com\/product\/yoast-seo-wordpress\/ -->\n<title>L\u00f5hnak\u00fc\u00fcnal &quot;Pilv&quot; - Kursikum O\u00dc<\/title>\n<meta name=\"robots\" content=\"index, follow, max-snippet:-1, max-image-preview:large, max-video-preview:-1\" \/>\n<link rel=\"canonical\" href=\"https:\/\/kursikum.ee\/en\/toode\/pilv-lohnakuunal\/\" \/>\n<meta property=\"og:locale\" content=\"en_US\" \/>\n<meta property=\"og:type\" content=\"article\" \/>\n<meta property=\"og:title\" content=\"L\u00f5hnak\u00fc\u00fcnal &quot;Pilv&quot; - Kursikum O\u00dc\" \/>\n<meta property=\"og:description\" content=\"&nbsp;  Sojavahast k\u00e4sit\u00f6\u00f6na valminud l\u00f5hnak\u00fc\u00fcnal. Imelise v\u00e4limuse taga on vahustatud sojavaha ja ergutavat l\u00f5hna annavad mustikas ja vanilje. \u201cPILV\u201d k\u00fc\u00fcnlad on \u00a0kui taevas, kus on valge vaht ja pilved.  Toode pole s\u00f6\u00f6dav!  Aroomi\u00f5lid on 100% kontsentreeritud ja vastavad IFRA standardile. P\u00f5lemiseaeg: 40h  Klaasi suurus 255ml  K\u00fc\u00fcnla ohutusjuhend:  *Tahi pikkus enne igat p\u00f5letamist on soovituslikult 0,5cm *Esimesel korral p\u00f5leta k\u00fc\u00fcnalt kogu pealispinna sulamiseni, kui esimesel korral k\u00fc\u00fcnal \u00f5igesti p\u00f5leda ei saa, ei p\u00f5le ta ilusasti ka edaspidi *Trimmi tahti peale igat p\u00f5letamist, see tagab k\u00fc\u00fcnla puhta p\u00f5lemise, ilma tahmamata *Soovituslik p\u00f5letusaeg j\u00e4rjest on 3tundi *P\u00f5letage k\u00fc\u00fcnalt kuumakindlal alusel *Hoidke p\u00f5levat k\u00fc\u00fcnalt laste, loomade ja kergesti s\u00fcttivate esemete eest *\u00c4rge kunagi j\u00e4tke p\u00f5levat k\u00fc\u00fcnalt j\u00e4relvalveta!  *L\u00f5hnak\u00fc\u00fcnlad v\u00f5ivad tundlikel inimestel allergiaid tekitada.  *L\u00f5hnak\u00fc\u00fcnalde p\u00f5letamisel eraldub lisaks ka l\u00f5hnaaineid. L\u00f5hnaained on lenduvad orgaanilised \u00fchendid, t\u00e4nu millele me erinevaid aroome tunneme.  *Pane t\u00e4hele, et k\u00fc\u00fcnal ei ole m\u00f5eldud s\u00f6\u00f6miseks.  &nbsp;  &nbsp;  KURSIKUMi l\u00f5hnak\u00fc\u00fcnlad on valmistatud k\u00e4sit\u00f6\u00f6na sojavahast, millesse on lisatud parimaid aroome. Sojavaha p\u00e4rineb taastuvast loodusvarast sojaubadest. Sojavaha on keskkonnas\u00f5bralik ja looduses t\u00e4ielikult lagunev. K\u00fc\u00fcnalde p\u00f5ledes ei eritu keskkonda kahjulikke aineid.  &nbsp;  &nbsp;\" \/>\n<meta property=\"og:url\" content=\"https:\/\/kursikum.ee\/en\/toode\/pilv-lohnakuunal\/\" \/>\n<meta property=\"og:site_name\" content=\"Kursikum O\u00dc\" \/>\n<meta property=\"article:modified_time\" content=\"2025-06-30T18:48:43+00:00\" \/>\n<meta property=\"og:image\" content=\"https:\/\/kursikum.ee\/wp-content\/uploads\/2024\/10\/KURSIKUM_tooted-05.jpg\" \/>\n\t<meta property=\"og:image:width\" content=\"2048\" \/>\n\t<meta property=\"og:image:height\" content=\"1365\" \/>\n\t<meta property=\"og:image:type\" content=\"image\/jpeg\" \/>\n<meta name=\"twitter:card\" content=\"summary_large_image\" \/>\n<script type=\"application\/ld+json\" class=\"yoast-schema-graph\">{\"@context\":\"https:\\\/\\\/schema.org\",\"@graph\":[{\"@type\":\"WebPage\",\"@id\":\"https:\\\/\\\/kursikum.ee\\\/en\\\/toode\\\/pilv-lohnakuunal\\\/\",\"url\":\"https:\\\/\\\/kursikum.ee\\\/en\\\/toode\\\/pilv-lohnakuunal\\\/\",\"name\":\"L\u00f5hnak\u00fc\u00fcnal \\\"Pilv\\\" - Kursikum O\u00dc\",\"isPartOf\":{\"@id\":\"https:\\\/\\\/kursikum.ee\\\/en\\\/#website\"},\"primaryImageOfPage\":{\"@id\":\"https:\\\/\\\/kursikum.ee\\\/en\\\/toode\\\/pilv-lohnakuunal\\\/#primaryimage\"},\"image\":{\"@id\":\"https:\\\/\\\/kursikum.ee\\\/en\\\/toode\\\/pilv-lohnakuunal\\\/#primaryimage\"},\"thumbnailUrl\":\"https:\\\/\\\/kursikum.ee\\\/wp-content\\\/uploads\\\/2024\\\/10\\\/KURSIKUM_tooted-05.jpg\",\"datePublished\":\"2024-10-25T14:32:12+00:00\",\"dateModified\":\"2025-06-30T18:48:43+00:00\",\"breadcrumb\":{\"@id\":\"https:\\\/\\\/kursikum.ee\\\/en\\\/toode\\\/pilv-lohnakuunal\\\/#breadcrumb\"},\"inLanguage\":\"en-US\",\"potentialAction\":[{\"@type\":\"ReadAction\",\"target\":[\"https:\\\/\\\/kursikum.ee\\\/en\\\/toode\\\/pilv-lohnakuunal\\\/\"]}]},{\"@type\":\"ImageObject\",\"inLanguage\":\"en-US\",\"@id\":\"https:\\\/\\\/kursikum.ee\\\/en\\\/toode\\\/pilv-lohnakuunal\\\/#primaryimage\",\"url\":\"https:\\\/\\\/kursikum.ee\\\/wp-content\\\/uploads\\\/2024\\\/10\\\/KURSIKUM_tooted-05.jpg\",\"contentUrl\":\"https:\\\/\\\/kursikum.ee\\\/wp-content\\\/uploads\\\/2024\\\/10\\\/KURSIKUM_tooted-05.jpg\",\"width\":2048,\"height\":1365},{\"@type\":\"BreadcrumbList\",\"@id\":\"https:\\\/\\\/kursikum.ee\\\/en\\\/toode\\\/pilv-lohnakuunal\\\/#breadcrumb\",\"itemListElement\":[{\"@type\":\"ListItem\",\"position\":1,\"name\":\"Home\",\"item\":\"https:\\\/\\\/kursikum.ee\\\/en\\\/\"},{\"@type\":\"ListItem\",\"position\":2,\"name\":\"Shop\",\"item\":\"https:\\\/\\\/kursikum.ee\\\/shop\\\/\"},{\"@type\":\"ListItem\",\"position\":3,\"name\":\"L\u00f5hnak\u00fc\u00fcnal &#8220;Pilv&#8221;\"}]},{\"@type\":\"WebSite\",\"@id\":\"https:\\\/\\\/kursikum.ee\\\/en\\\/#website\",\"url\":\"https:\\\/\\\/kursikum.ee\\\/en\\\/\",\"name\":\"Kursikum O\u00dc\",\"description\":\"\",\"potentialAction\":[{\"@type\":\"SearchAction\",\"target\":{\"@type\":\"EntryPoint\",\"urlTemplate\":\"https:\\\/\\\/kursikum.ee\\\/en\\\/?s={search_term_string}\"},\"query-input\":{\"@type\":\"PropertyValueSpecification\",\"valueRequired\":true,\"valueName\":\"search_term_string\"}}],\"inLanguage\":\"en-US\"}]}<\/script>\n<!-- \/ Yoast SEO plugin. -->","yoast_head_json":{"title":"L\u00f5hnak\u00fc\u00fcnal \"Pilv\" - Kursikum O\u00dc","robots":{"index":"index","follow":"follow","max-snippet":"max-snippet:-1","max-image-preview":"max-image-preview:large","max-video-preview":"max-video-preview:-1"},"canonical":"https:\/\/kursikum.ee\/en\/toode\/pilv-lohnakuunal\/","og_locale":"en_US","og_type":"article","og_title":"L\u00f5hnak\u00fc\u00fcnal \"Pilv\" - Kursikum O\u00dc","og_description":"&nbsp;  Sojavahast k\u00e4sit\u00f6\u00f6na valminud l\u00f5hnak\u00fc\u00fcnal. Imelise v\u00e4limuse taga on vahustatud sojavaha ja ergutavat l\u00f5hna annavad mustikas ja vanilje. \u201cPILV\u201d k\u00fc\u00fcnlad on \u00a0kui taevas, kus on valge vaht ja pilved.  Toode pole s\u00f6\u00f6dav!  Aroomi\u00f5lid on 100% kontsentreeritud ja vastavad IFRA standardile. P\u00f5lemiseaeg: 40h  Klaasi suurus 255ml  K\u00fc\u00fcnla ohutusjuhend:  *Tahi pikkus enne igat p\u00f5letamist on soovituslikult 0,5cm *Esimesel korral p\u00f5leta k\u00fc\u00fcnalt kogu pealispinna sulamiseni, kui esimesel korral k\u00fc\u00fcnal \u00f5igesti p\u00f5leda ei saa, ei p\u00f5le ta ilusasti ka edaspidi *Trimmi tahti peale igat p\u00f5letamist, see tagab k\u00fc\u00fcnla puhta p\u00f5lemise, ilma tahmamata *Soovituslik p\u00f5letusaeg j\u00e4rjest on 3tundi *P\u00f5letage k\u00fc\u00fcnalt kuumakindlal alusel *Hoidke p\u00f5levat k\u00fc\u00fcnalt laste, loomade ja kergesti s\u00fcttivate esemete eest *\u00c4rge kunagi j\u00e4tke p\u00f5levat k\u00fc\u00fcnalt j\u00e4relvalveta!  *L\u00f5hnak\u00fc\u00fcnlad v\u00f5ivad tundlikel inimestel allergiaid tekitada.  *L\u00f5hnak\u00fc\u00fcnalde p\u00f5letamisel eraldub lisaks ka l\u00f5hnaaineid. L\u00f5hnaained on lenduvad orgaanilised \u00fchendid, t\u00e4nu millele me erinevaid aroome tunneme.  *Pane t\u00e4hele, et k\u00fc\u00fcnal ei ole m\u00f5eldud s\u00f6\u00f6miseks.  &nbsp;  &nbsp;  KURSIKUMi l\u00f5hnak\u00fc\u00fcnlad on valmistatud k\u00e4sit\u00f6\u00f6na sojavahast, millesse on lisatud parimaid aroome. Sojavaha p\u00e4rineb taastuvast loodusvarast sojaubadest. Sojavaha on keskkonnas\u00f5bralik ja looduses t\u00e4ielikult lagunev. K\u00fc\u00fcnalde p\u00f5ledes ei eritu keskkonda kahjulikke aineid.  &nbsp;  &nbsp;","og_url":"https:\/\/kursikum.ee\/en\/toode\/pilv-lohnakuunal\/","og_site_name":"Kursikum O\u00dc","article_modified_time":"2025-06-30T18:48:43+00:00","og_image":[{"width":2048,"height":1365,"url":"https:\/\/kursikum.ee\/wp-content\/uploads\/2024\/10\/KURSIKUM_tooted-05.jpg","type":"image\/jpeg"}],"twitter_card":"summary_large_image","schema":{"@context":"https:\/\/schema.org","@graph":[{"@type":"WebPage","@id":"https:\/\/kursikum.ee\/en\/toode\/pilv-lohnakuunal\/","url":"https:\/\/kursikum.ee\/en\/toode\/pilv-lohnakuunal\/","name":"L\u00f5hnak\u00fc\u00fcnal \"Pilv\" - Kursikum O\u00dc","isPartOf":{"@id":"https:\/\/kursikum.ee\/en\/#website"},"primaryImageOfPage":{"@id":"https:\/\/kursikum.ee\/en\/toode\/pilv-lohnakuunal\/#primaryimage"},"image":{"@id":"https:\/\/kursikum.ee\/en\/toode\/pilv-lohnakuunal\/#primaryimage"},"thumbnailUrl":"https:\/\/kursikum.ee\/wp-content\/uploads\/2024\/10\/KURSIKUM_tooted-05.jpg","datePublished":"2024-10-25T14:32:12+00:00","dateModified":"2025-06-30T18:48:43+00:00","breadcrumb":{"@id":"https:\/\/kursikum.ee\/en\/toode\/pilv-lohnakuunal\/#breadcrumb"},"inLanguage":"en-US","potentialAction":[{"@type":"ReadAction","target":["https:\/\/kursikum.ee\/en\/toode\/pilv-lohnakuunal\/"]}]},{"@type":"ImageObject","inLanguage":"en-US","@id":"https:\/\/kursikum.ee\/en\/toode\/pilv-lohnakuunal\/#primaryimage","url":"https:\/\/kursikum.ee\/wp-content\/uploads\/2024\/10\/KURSIKUM_tooted-05.jpg","contentUrl":"https:\/\/kursikum.ee\/wp-content\/uploads\/2024\/10\/KURSIKUM_tooted-05.jpg","width":2048,"height":1365},{"@type":"BreadcrumbList","@id":"https:\/\/kursikum.ee\/en\/toode\/pilv-lohnakuunal\/#breadcrumb","itemListElement":[{"@type":"ListItem","position":1,"name":"Home","item":"https:\/\/kursikum.ee\/en\/"},{"@type":"ListItem","position":2,"name":"Shop","item":"https:\/\/kursikum.ee\/shop\/"},{"@type":"ListItem","position":3,"name":"L\u00f5hnak\u00fc\u00fcnal &#8220;Pilv&#8221;"}]},{"@type":"WebSite","@id":"https:\/\/kursikum.ee\/en\/#website","url":"https:\/\/kursikum.ee\/en\/","name":"Kursikum O\u00dc","description":"","potentialAction":[{"@type":"SearchAction","target":{"@type":"EntryPoint","urlTemplate":"https:\/\/kursikum.ee\/en\/?s={search_term_string}"},"query-input":{"@type":"PropertyValueSpecification","valueRequired":true,"valueName":"search_term_string"}}],"inLanguage":"en-US"}]}},"_links":{"self":[{"href":"https:\/\/kursikum.ee\/en\/wp-json\/wp\/v2\/product\/2023","targetHints":{"allow":["GET"]}}],"collection":[{"href":"https:\/\/kursikum.ee\/en\/wp-json\/wp\/v2\/product"}],"about":[{"href":"https:\/\/kursikum.ee\/en\/wp-json\/wp\/v2\/types\/product"}],"wp:featuredmedia":[{"embeddable":true,"href":"https:\/\/kursikum.ee\/en\/wp-json\/wp\/v2\/media\/2328"}],"wp:attachment":[{"href":"https:\/\/kursikum.ee\/en\/wp-json\/wp\/v2\/media?parent=2023"}],"wp:term":[{"taxonomy":"product_brand","embeddable":true,"href":"https:\/\/kursikum.ee\/en\/wp-json\/wp\/v2\/product_brand?post=2023"},{"taxonomy":"product_cat","embeddable":true,"href":"https:\/\/kursikum.ee\/en\/wp-json\/wp\/v2\/product_cat?post=2023"},{"taxonomy":"product_tag","embeddable":true,"href":"https:\/\/kursikum.ee\/en\/wp-json\/wp\/v2\/product_tag?post=2023"}],"curies":[{"name":"wp","href":"https:\/\/api.w.org\/{rel}","templated":true}]}}