{"id":1931,"date":"2024-05-01T07:15:50","date_gmt":"2024-05-01T07:15:50","guid":{"rendered":"https:\/\/kursikum.ee\/?post_type=product&#038;p=1931"},"modified":"2025-02-11T12:21:12","modified_gmt":"2025-02-11T12:21:12","slug":"polumeersavist-korvarongad-lehed","status":"publish","type":"product","link":"https:\/\/kursikum.ee\/en\/toode\/polumeersavist-korvarongad-lehed\/","title":{"rendered":"Pol\u00fcmeersavist k\u00f5rvar\u00f5ngad &#8220;lehed&#8221;"},"content":{"rendered":"","protected":false},"excerpt":{"rendered":"<p>Ovaalse kujuga pol\u00fcmeersavist k\u00f5rvar\u00f5ngad l\u00e4ikiva pinnaga. 100% k\u00e4sit\u00f6\u00f6. Tagused roostevabast terasest.<\/p>\n","protected":false},"featured_media":1932,"template":"","meta":[],"product_brand":[],"product_cat":[38],"product_tag":[],"class_list":{"0":"post-1931","1":"product","2":"type-product","3":"status-publish","4":"has-post-thumbnail","6":"product_cat-polumeersavist-korvarongad","8":"first","9":"instock","10":"taxable","11":"shipping-taxable","12":"purchasable","13":"product-type-simple"},"_links":{"self":[{"href":"https:\/\/kursikum.ee\/en\/wp-json\/wp\/v2\/product\/1931","targetHints":{"allow":["GET"]}}],"collection":[{"href":"https:\/\/kursikum.ee\/en\/wp-json\/wp\/v2\/product"}],"about":[{"href":"https:\/\/kursikum.ee\/en\/wp-json\/wp\/v2\/types\/product"}],"wp:featuredmedia":[{"embeddable":true,"href":"https:\/\/kursikum.ee\/en\/wp-json\/wp\/v2\/media\/1932"}],"wp:attachment":[{"href":"https:\/\/kursikum.ee\/en\/wp-json\/wp\/v2\/media?parent=1931"}],"wp:term":[{"taxonomy":"product_brand","embeddable":true,"href":"https:\/\/kursikum.ee\/en\/wp-json\/wp\/v2\/product_brand?post=1931"},{"taxonomy":"product_cat","embeddable":true,"href":"https:\/\/kursikum.ee\/en\/wp-json\/wp\/v2\/product_cat?post=1931"},{"taxonomy":"product_tag","embeddable":true,"href":"https:\/\/kursikum.ee\/en\/wp-json\/wp\/v2\/product_tag?post=1931"}],"curies":[{"name":"wp","href":"https:\/\/api.w.org\/{rel}","templated":true}]}}