{"id":1901,"date":"2024-04-10T06:01:09","date_gmt":"2024-04-10T06:01:09","guid":{"rendered":"https:\/\/kursikum.ee\/?post_type=product&#038;p=1901"},"modified":"2025-02-11T12:21:12","modified_gmt":"2025-02-11T12:21:12","slug":"polumeersavist-korvarongad-rippuvad","status":"publish","type":"product","link":"https:\/\/kursikum.ee\/en\/toode\/polumeersavist-korvarongad-rippuvad\/","title":{"rendered":"Pol\u00fcmeersavist k\u00f5rvar\u00f5ngad (rippuvad)"},"content":{"rendered":"","protected":false},"excerpt":{"rendered":"<p>Pol\u00fcmeersavist rippuvad k\u00f5rvar\u00f5ngad l\u00e4ikiva pinnaga. 100% k\u00e4sit\u00f6\u00f6. Tagused roostevabast terasest.<\/p>\n","protected":false},"featured_media":1902,"template":"","meta":[],"product_brand":[],"product_cat":[38],"product_tag":[],"class_list":{"0":"post-1901","1":"product","2":"type-product","3":"status-publish","4":"has-post-thumbnail","6":"product_cat-polumeersavist-korvarongad","8":"first","9":"instock","10":"taxable","11":"shipping-taxable","12":"purchasable","13":"product-type-simple"},"_links":{"self":[{"href":"https:\/\/kursikum.ee\/en\/wp-json\/wp\/v2\/product\/1901","targetHints":{"allow":["GET"]}}],"collection":[{"href":"https:\/\/kursikum.ee\/en\/wp-json\/wp\/v2\/product"}],"about":[{"href":"https:\/\/kursikum.ee\/en\/wp-json\/wp\/v2\/types\/product"}],"wp:featuredmedia":[{"embeddable":true,"href":"https:\/\/kursikum.ee\/en\/wp-json\/wp\/v2\/media\/1902"}],"wp:attachment":[{"href":"https:\/\/kursikum.ee\/en\/wp-json\/wp\/v2\/media?parent=1901"}],"wp:term":[{"taxonomy":"product_brand","embeddable":true,"href":"https:\/\/kursikum.ee\/en\/wp-json\/wp\/v2\/product_brand?post=1901"},{"taxonomy":"product_cat","embeddable":true,"href":"https:\/\/kursikum.ee\/en\/wp-json\/wp\/v2\/product_cat?post=1901"},{"taxonomy":"product_tag","embeddable":true,"href":"https:\/\/kursikum.ee\/en\/wp-json\/wp\/v2\/product_tag?post=1901"}],"curies":[{"name":"wp","href":"https:\/\/api.w.org\/{rel}","templated":true}]}}