{"id":1842,"date":"2023-12-13T09:58:24","date_gmt":"2023-12-13T09:58:24","guid":{"rendered":"https:\/\/kursikum.ee\/?post_type=product&#038;p=1842"},"modified":"2025-08-11T11:31:04","modified_gmt":"2025-08-11T11:31:04","slug":"kuunal-mariin-2","status":"publish","type":"product","link":"https:\/\/kursikum.ee\/en\/toode\/kuunal-mariin-2\/","title":{"rendered":"L\u00f5hnak\u00fc\u00fcnal &#8220;Mimosa&#8221;"},"content":{"rendered":"","protected":false},"excerpt":{"rendered":"<div class=\"woocommerce-product-details__short-description\">\n<p style=\"text-align: right;\">Sojavahast k\u00e4sit\u00f6\u00f6na valminud k\u00fc\u00fcnal. Imelise v\u00e4limuse taga on vahustatud sojavaha ja \u00a0m\u00f5nusat l\u00f5hna annavad Mandariin ja Prosecco. Mandariin on tagasihoidlik ja Prosecco pigem meelik\u00f6iteva l\u00f5hnaga.<\/p>\n<p><strong>Toode pole s\u00f6\u00f6dav!<\/strong><\/p>\n<p>Aroomi\u00f5lid on 100% kontsentreeritud ja vastavad IFRA standardile.<br \/>\nP\u00f5lemiseaeg: 60-70h<\/p>\n<p>Klaasi suurus 300ml<\/p>\n<p>Kasutamine:<\/p>\n<p style=\"text-align: left;\">*Tahi pikkus enne igat p\u00f5letamist on soovituslikult 0,5cm<br \/>\n*Esimesel korral p\u00f5leta k\u00fc\u00fcnalt kogu pealispinna sulamiseni, kui esimesel korral k\u00fc\u00fcnal \u00f5igesti p\u00f5leda ei saa, ei p\u00f5le ta ilusasti ka edaspidi<br \/>\n*Trimmi tahti peale igat p\u00f5letamist, see tagab k\u00fc\u00fcnla puhta p\u00f5lemise, ilma tahmamata<br \/>\n*Soovituslik p\u00f5letusaeg j\u00e4rjest on 3tundi<br \/>\n*P\u00f5letage k\u00fc\u00fcnalt kuumakindlal alusel<br \/>\n*Hoidke p\u00f5levat k\u00fc\u00fcnalt laste, loomade ja kergesti s\u00fcttivate esemete eest<br \/>\n*\u00c4rge kunagi j\u00e4tke p\u00f5levat k\u00fc\u00fcnalt j\u00e4relvalveta!<\/p>\n<p>KURSIKUMi l\u00f5hnak\u00fc\u00fcnlad on valmistatud k\u00e4sit\u00f6\u00f6na sojavahast, millesse on lisatud parimaid aroome. Sojavaha p\u00e4rineb taastuvast loodusvarast sojaubadest. Sojavaha on keskkonnas\u00f5bralik ja looduses t\u00e4ielikult lagunev. K\u00fc\u00fcnalde p\u00f5ledes ei eritu keskkonda kahjulikke aineid.<\/p>\n<\/div>\n<p class=\"stock in-stock\">\n","protected":false},"featured_media":2334,"template":"","meta":[],"product_brand":[],"product_cat":[19],"product_tag":[],"class_list":{"0":"post-1842","1":"product","2":"type-product","3":"status-publish","4":"has-post-thumbnail","6":"product_cat-kuunlad","8":"first","9":"onbackorder","10":"taxable","11":"shipping-taxable","12":"purchasable","13":"product-type-simple"},"_links":{"self":[{"href":"https:\/\/kursikum.ee\/en\/wp-json\/wp\/v2\/product\/1842","targetHints":{"allow":["GET"]}}],"collection":[{"href":"https:\/\/kursikum.ee\/en\/wp-json\/wp\/v2\/product"}],"about":[{"href":"https:\/\/kursikum.ee\/en\/wp-json\/wp\/v2\/types\/product"}],"wp:featuredmedia":[{"embeddable":true,"href":"https:\/\/kursikum.ee\/en\/wp-json\/wp\/v2\/media\/2334"}],"wp:attachment":[{"href":"https:\/\/kursikum.ee\/en\/wp-json\/wp\/v2\/media?parent=1842"}],"wp:term":[{"taxonomy":"product_brand","embeddable":true,"href":"https:\/\/kursikum.ee\/en\/wp-json\/wp\/v2\/product_brand?post=1842"},{"taxonomy":"product_cat","embeddable":true,"href":"https:\/\/kursikum.ee\/en\/wp-json\/wp\/v2\/product_cat?post=1842"},{"taxonomy":"product_tag","embeddable":true,"href":"https:\/\/kursikum.ee\/en\/wp-json\/wp\/v2\/product_tag?post=1842"}],"curies":[{"name":"wp","href":"https:\/\/api.w.org\/{rel}","templated":true}]}}