{"id":1727,"date":"2023-10-21T13:44:44","date_gmt":"2023-10-21T13:44:44","guid":{"rendered":"https:\/\/kursikum.ee\/?post_type=product&#038;p=1727"},"modified":"2025-06-30T18:52:14","modified_gmt":"2025-06-30T18:52:14","slug":"inglitiivad-parli-ja-lipsuga","status":"publish","type":"product","link":"https:\/\/kursikum.ee\/en\/toode\/inglitiivad-parli-ja-lipsuga\/","title":{"rendered":"Inglitiib"},"content":{"rendered":"","protected":false},"excerpt":{"rendered":"<p>Laius : 9,6cm<\/p>\n<p>Vaigukipsist valminud dekoratiivsed inglitiivad. Sobivad h\u00e4sti j\u00f5ulude ajal kuuse k\u00fclge riputamiseks v\u00f5i kuhu iganes sinu kodu kaunistama.<br \/>\nVaigukips on portselanilaadse v\u00e4limusega, kuid tugevam materjal. Ei ole kahjulik nahale ega kahjusta tervist ning ei ole ka ohtlik \u00fcmbruskonnale. K\u00f5ik meie e-poes olevad tooted on valmistatud k\u00e4sit\u00f6\u00f6na ning seet\u00f5ttu on iga toode ainulaadne ja unikaalne. Tulenevalt materjali erip\u00e4rast v\u00f5ib tootel esineda \u00f5humullidest tingitud pisikesi auke v\u00f5i muid ebatasasusi. Neid ei loeta praagiks, kuna need ei m\u00f5juta toote kasutamist selleks etten\u00e4htud otstarbel.<\/p>\n<p>Hooldusjuhised:<br \/>\n\u2022 Plekid tuleb eemaldada koheselt niiske lapi v\u00f5i sooja veega<br \/>\n\u2022 Mitte kasutada n\u00f5udepesumasinas ega mikrolaineahjus<br \/>\n\u2022 Ei ole kuuma-ega kriimukindel<\/p>\n","protected":false},"featured_media":1730,"template":"","meta":[],"product_brand":[],"product_cat":[20],"product_tag":[],"class_list":{"0":"post-1727","1":"product","2":"type-product","3":"status-publish","4":"has-post-thumbnail","6":"product_cat-kipsist-tooted","8":"first","9":"instock","10":"taxable","11":"shipping-taxable","12":"purchasable","13":"product-type-simple"},"_links":{"self":[{"href":"https:\/\/kursikum.ee\/en\/wp-json\/wp\/v2\/product\/1727","targetHints":{"allow":["GET"]}}],"collection":[{"href":"https:\/\/kursikum.ee\/en\/wp-json\/wp\/v2\/product"}],"about":[{"href":"https:\/\/kursikum.ee\/en\/wp-json\/wp\/v2\/types\/product"}],"wp:featuredmedia":[{"embeddable":true,"href":"https:\/\/kursikum.ee\/en\/wp-json\/wp\/v2\/media\/1730"}],"wp:attachment":[{"href":"https:\/\/kursikum.ee\/en\/wp-json\/wp\/v2\/media?parent=1727"}],"wp:term":[{"taxonomy":"product_brand","embeddable":true,"href":"https:\/\/kursikum.ee\/en\/wp-json\/wp\/v2\/product_brand?post=1727"},{"taxonomy":"product_cat","embeddable":true,"href":"https:\/\/kursikum.ee\/en\/wp-json\/wp\/v2\/product_cat?post=1727"},{"taxonomy":"product_tag","embeddable":true,"href":"https:\/\/kursikum.ee\/en\/wp-json\/wp\/v2\/product_tag?post=1727"}],"curies":[{"name":"wp","href":"https:\/\/api.w.org\/{rel}","templated":true}]}}